{"id":915,"date":"2018-01-08T14:24:49","date_gmt":"2018-01-08T14:24:49","guid":{"rendered":"http:\/\/giovanniwilliampalmisano.com\/?page_id=915"},"modified":"2021-01-23T14:55:50","modified_gmt":"2021-01-23T14:55:50","slug":"man-style","status":"publish","type":"page","link":"https:\/\/giovanniwilliampalmisano.com\/?page_id=915","title":{"rendered":"Fashion &#038; Style"},"content":{"rendered":"<p style=\"text-align: center;\">&#8220;Alla fine non importa neanche se \u00e8 fatto bene o no. Tu devi vestirlo con la stessa familiarit\u00e0 che ti d\u00e0 un letto non rifatto. Devi indossarlo in maniera formale, ma fallo come se ti fossi vestito al buio. Metti la pochette senza guardarti allo specchio. In questo modo uno <a href=\"https:\/\/www.instagram.com\/explore\/tags\/smoking\/\">#smoking<\/a> ti porter\u00e0 ovunque&#8221;<\/p>\n<p style=\"text-align: center;\"><a href=\"https:\/\/www.instagram.com\/explore\/tags\/georgehamilton\/\">#GeorgeHamilton<\/a>(giornalista di costume americano) <a href=\"https:\/\/www.instagram.com\/explore\/tags\/moda\/\">#moda<\/a> <a href=\"https:\/\/www.instagram.com\/explore\/tags\/tuxedo\/\">#tuxedo<\/a> <a href=\"https:\/\/www.instagram.com\/explore\/tags\/fashion\/\">#fashion<\/a>#<a href=\"https:\/\/www.instagram.com\/explore\/tags\/whiteshow\/\">#whiteshow<\/a> <a href=\"https:\/\/www.instagram.com\/explore\/tags\/capri\/\">#capri<\/a> <a class=\"notranslate\" href=\"https:\/\/www.instagram.com\/capripalace\/\">@capripalace<\/a><\/p>\n<p>&nbsp;<\/p>\n<p><img loading=\"lazy\" decoding=\"async\" class=\"aligncenter wp-image-916 size-large\" src=\"http:\/\/giovanniwilliampalmisano.com\/wp-content\/uploads\/2018\/01\/6176686688_IMG_2291-1024x683.jpg\" alt=\"\" width=\"700\" height=\"467\" srcset=\"https:\/\/giovanniwilliampalmisano.com\/wp-content\/uploads\/2018\/01\/6176686688_IMG_2291-1024x683.jpg 1024w, https:\/\/giovanniwilliampalmisano.com\/wp-content\/uploads\/2018\/01\/6176686688_IMG_2291-300x200.jpg 300w, https:\/\/giovanniwilliampalmisano.com\/wp-content\/uploads\/2018\/01\/6176686688_IMG_2291-768x512.jpg 768w, https:\/\/giovanniwilliampalmisano.com\/wp-content\/uploads\/2018\/01\/6176686688_IMG_2291.jpg 1920w\" sizes=\"auto, (max-width: 700px) 100vw, 700px\" \/><\/p>\n","protected":false},"excerpt":{"rendered":"<p>&#8220;Alla fine non importa neanche se \u00e8 fatto bene o no. Tu devi vestirlo con la stessa familiarit\u00e0 che ti d\u00e0 un letto non rifatto. Devi indossarlo in maniera formale, ma fallo come se ti fossi vestito al buio. Metti la pochette senza guardarti allo specchio. In questo modo uno #smoking ti porter\u00e0 ovunque&#8221; #GeorgeHamilton(giornalista&hellip; <\/p>\n","protected":false},"author":1,"featured_media":3770,"parent":0,"menu_order":0,"comment_status":"closed","ping_status":"closed","template":"page-templates\/gallery-template.php","meta":{"footnotes":""},"class_list":["post-915","page","type-page","status-publish","has-post-thumbnail","hentry"],"_links":{"self":[{"href":"https:\/\/giovanniwilliampalmisano.com\/index.php?rest_route=\/wp\/v2\/pages\/915","targetHints":{"allow":["GET"]}}],"collection":[{"href":"https:\/\/giovanniwilliampalmisano.com\/index.php?rest_route=\/wp\/v2\/pages"}],"about":[{"href":"https:\/\/giovanniwilliampalmisano.com\/index.php?rest_route=\/wp\/v2\/types\/page"}],"author":[{"embeddable":true,"href":"https:\/\/giovanniwilliampalmisano.com\/index.php?rest_route=\/wp\/v2\/users\/1"}],"replies":[{"embeddable":true,"href":"https:\/\/giovanniwilliampalmisano.com\/index.php?rest_route=%2Fwp%2Fv2%2Fcomments&post=915"}],"version-history":[{"count":3,"href":"https:\/\/giovanniwilliampalmisano.com\/index.php?rest_route=\/wp\/v2\/pages\/915\/revisions"}],"predecessor-version":[{"id":932,"href":"https:\/\/giovanniwilliampalmisano.com\/index.php?rest_route=\/wp\/v2\/pages\/915\/revisions\/932"}],"wp:featuredmedia":[{"embeddable":true,"href":"https:\/\/giovanniwilliampalmisano.com\/index.php?rest_route=\/wp\/v2\/media\/3770"}],"wp:attachment":[{"href":"https:\/\/giovanniwilliampalmisano.com\/index.php?rest_route=%2Fwp%2Fv2%2Fmedia&parent=915"}],"curies":[{"name":"wp","href":"https:\/\/api.w.org\/{rel}","templated":true}]}}